{"id":410,"date":"2025-12-17T11:29:53","date_gmt":"2025-12-17T10:29:53","guid":{"rendered":"https:\/\/espaidelestudi.com\/aula-de-verano\/curso-de-tecnicas-de-estudio\/"},"modified":"2025-12-29T03:48:47","modified_gmt":"2025-12-29T02:48:47","slug":"curso-de-tecnicas-de-estudio","status":"publish","type":"page","link":"https:\/\/espaidelestudi.com\/es\/aula-de-verano\/curso-de-tecnicas-de-estudio\/","title":{"rendered":"Curso de T\u00e9cnicas de estudio"},"content":{"rendered":"\t\t<div data-elementor-type=\"wp-page\" data-elementor-id=\"410\" class=\"elementor elementor-410 elementor-42\" data-elementor-post-type=\"page\">\n\t\t\t\t<div class=\"elementor-element elementor-element-08fd132 e-flex e-con-boxed e-con e-parent\" data-id=\"08fd132\" data-element_type=\"container\" data-e-type=\"container\" data-settings=\"{&quot;background_background&quot;:&quot;classic&quot;,&quot;shape_divider_bottom&quot;:&quot;split&quot;}\">\n\t\t\t\t\t<div class=\"e-con-inner\">\n\t\t\t\t<div class=\"elementor-shape elementor-shape-bottom\" aria-hidden=\"true\" data-negative=\"false\">\n\t\t\t<svg xmlns=\"http:\/\/www.w3.org\/2000\/svg\" viewBox=\"0 0 1000 20\" preserveAspectRatio=\"none\">\n\t<path class=\"elementor-shape-fill\" d=\"M0,0v3c0,0,393.8,0,483.4,0c9.2,0,16.6,7.4,16.6,16.6c0-9.1,7.4-16.6,16.6-16.6C606.2,3,1000,3,1000,3V0H0z\"\/>\n<\/svg>\t\t<\/div>\n\t\t\t\t<div class=\"elementor-element elementor-element-9348c30 elementor-widget-mobile__width-inherit elementor-widget elementor-widget-heading\" data-id=\"9348c30\" data-element_type=\"widget\" data-e-type=\"widget\" data-widget_type=\"heading.default\">\n\t\t\t\t<div class=\"elementor-widget-container\">\n\t\t\t\t\t<h2 class=\"elementor-heading-title elementor-size-default\">Curso de T\u00e9cnicas de estudio<\/h2>\t\t\t\t<\/div>\n\t\t\t\t<\/div>\n\t\t\t\t\t<\/div>\n\t\t\t\t<\/div>\n\t\t<div class=\"elementor-element elementor-element-233a343 e-flex e-con-boxed e-con e-parent\" data-id=\"233a343\" data-element_type=\"container\" data-e-type=\"container\">\n\t\t\t\t\t<div class=\"e-con-inner\">\n\t\t<div class=\"elementor-element elementor-element-2b57173 e-con-full e-flex e-con e-child\" data-id=\"2b57173\" data-element_type=\"container\" data-e-type=\"container\">\n\t\t\t\t<div class=\"elementor-element elementor-element-1bf13a9 elementor-widget elementor-widget-heading\" data-id=\"1bf13a9\" data-element_type=\"widget\" data-e-type=\"widget\" data-widget_type=\"heading.default\">\n\t\t\t\t<div class=\"elementor-widget-container\">\n\t\t\t\t\t<h2 class=\"elementor-heading-title elementor-size-default\">T\u00e9cnicas de estudio  <\/h2>\t\t\t\t<\/div>\n\t\t\t\t<\/div>\n\t\t\t\t<div class=\"elementor-element elementor-element-5f7e2cc elementor-widget elementor-widget-text-editor\" data-id=\"5f7e2cc\" data-element_type=\"widget\" data-e-type=\"widget\" data-widget_type=\"text-editor.default\">\n\t\t\t\t<div class=\"elementor-widget-container\">\n\t\t\t\t\t\t\t\t\t<p><span class=\"TextRun Highlight SCXW248919922 BCX0\" lang=\"CA\" xml:lang=\"CA\" data-contrast=\"none\"><span class=\"NormalTextRun SCXW248919922 BCX0\">Hace un tiempo que tiene  <\/span><\/span><strong><span class=\"TextRun Highlight SCXW248919922 BCX0\" lang=\"CA\" xml:lang=\"CA\" data-contrast=\"none\"><span class=\"NormalTextRun SCXW248919922 BCX0\">profesor particular<\/span><\/span><\/strong><span class=\"TextRun Highlight SCXW248919922 BCX0\" lang=\"CA\" xml:lang=\"CA\" data-contrast=\"none\"><span class=\"NormalTextRun SCXW248919922 BCX0\">  y aunque  <\/span><\/span><strong><span class=\"TextRun Highlight SCXW248919922 BCX0\" lang=\"CA\" xml:lang=\"CA\" data-contrast=\"none\"><span class=\"NormalTextRun SCXW248919922 BCX0\">entiende bien<\/span><\/span><\/strong><span class=\"TextRun Highlight SCXW248919922 BCX0\" lang=\"CA\" xml:lang=\"CA\" data-contrast=\"none\"><span class=\"NormalTextRun SCXW248919922 BCX0\">  sus explicaciones, contin\u00faa  <\/span><\/span><strong><span class=\"TextRun Highlight SCXW248919922 BCX0\" lang=\"CA\" xml:lang=\"CA\" data-contrast=\"none\"><span class=\"NormalTextRun SCXW248919922 BCX0\">sin aprobar<\/span><\/span><\/strong><span class=\"TextRun Highlight SCXW248919922 BCX0\" lang=\"CA\" xml:lang=\"CA\" data-contrast=\"none\"><span class=\"NormalTextRun SCXW248919922 BCX0\">  los ex\u00e1menes, lo que  <\/span><\/span><strong><span class=\"TextRun Highlight SCXW248919922 BCX0\" lang=\"CA\" xml:lang=\"CA\" data-contrast=\"none\"><span class=\"NormalTextRun SCXW248919922 BCX0\">desmotiva<\/span><\/span><\/strong><span class=\"TextRun Highlight SCXW248919922 BCX0\" lang=\"CA\" xml:lang=\"CA\" data-contrast=\"none\"><span class=\"NormalTextRun SCXW248919922 BCX0\"><strong> <\/strong>a\u00fan m\u00e1s.<\/span><\/span><span class=\"EOP SCXW248919922 BCX0\" data-ccp-props=\"{\"> <\/span><\/p><p><span class=\"TextRun Highlight SCXW241896949 BCX0\" lang=\"CA\" xml:lang=\"CA\" data-contrast=\"none\"><span class=\"NormalTextRun SCXW241896949 BCX0\">Todos los  <\/span><\/span><strong><span class=\"TextRun Highlight SCXW241896949 BCX0\" lang=\"CA\" xml:lang=\"CA\" data-contrast=\"none\"><span class=\"NormalTextRun SCXW241896949 BCX0\">profesores<\/span><\/span><\/strong><span class=\"TextRun Highlight SCXW241896949 BCX0\" lang=\"CA\" xml:lang=\"CA\" data-contrast=\"none\"><span class=\"NormalTextRun SCXW241896949 BCX0\"><strong> <\/strong>dicen que<strong> <\/strong><\/span><\/span><strong><span class=\"TextRun Highlight SCXW241896949 BCX0\" lang=\"CA\" xml:lang=\"CA\" data-contrast=\"none\"><span class=\"NormalTextRun SCXW241896949 BCX0\">tiene capacidad<\/span><\/span><\/strong><span class=\"TextRun Highlight SCXW241896949 BCX0\" lang=\"CA\" xml:lang=\"CA\" data-contrast=\"none\"><span class=\"NormalTextRun SCXW241896949 BCX0\">  y que le  <\/span><\/span><strong><span class=\"TextRun Highlight SCXW241896949 BCX0\" lang=\"CA\" xml:lang=\"CA\" data-contrast=\"none\"><span class=\"NormalTextRun SCXW241896949 BCX0\">falla<\/span><\/span><\/strong><span class=\"TextRun Highlight SCXW241896949 BCX0\" lang=\"CA\" xml:lang=\"CA\" data-contrast=\"none\"><span class=\"NormalTextRun SCXW241896949 BCX0\"><strong> <\/strong>la  <\/span><\/span><strong><span class=\"TextRun Highlight SCXW241896949 BCX0\" lang=\"CA\" xml:lang=\"CA\" data-contrast=\"none\"><span class=\"NormalTextRun SCXW241896949 BCX0\">modo<\/span><\/span><\/strong><span class=\"TextRun Highlight SCXW241896949 BCX0\" lang=\"CA\" xml:lang=\"CA\" data-contrast=\"none\"><span class=\"NormalTextRun SCXW241896949 BCX0\"><strong> <\/strong>c\u00f3mo<\/span><\/span><span class=\"TextRun Highlight SCXW241896949 BCX0\" lang=\"CA\" xml:lang=\"CA\" data-contrast=\"none\"><span class=\"NormalTextRun SCXW241896949 BCX0\"> <strong>estudia<\/strong><\/span><\/span><span class=\"TextRun Highlight SCXW241896949 BCX0\" lang=\"CA\" xml:lang=\"CA\" data-contrast=\"none\"><span class=\"NormalTextRun SCXW241896949 BCX0\"><strong> <\/strong>y c\u00f3mo  <\/span><\/span><strong><span class=\"TextRun Highlight SCXW241896949 BCX0\" lang=\"CA\" xml:lang=\"CA\" data-contrast=\"none\"><span class=\"NormalTextRun SCXW241896949 BCX0\">se organiza<\/span><\/span><\/strong><span class=\"TextRun Highlight SCXW241896949 BCX0\" lang=\"CA\" xml:lang=\"CA\" data-contrast=\"none\"><span class=\"NormalTextRun SCXW241896949 BCX0\">, pero nunca has encontrado  <\/span><\/span><strong><span class=\"TextRun Highlight SCXW241896949 BCX0\" lang=\"CA\" xml:lang=\"CA\" data-contrast=\"none\"><span class=\"NormalTextRun SCXW241896949 BCX0\">donde<\/span><\/span><\/strong><span class=\"TextRun Highlight SCXW241896949 BCX0\" lang=\"CA\" xml:lang=\"CA\" data-contrast=\"none\"><span class=\"NormalTextRun SCXW241896949 BCX0\"><strong> <\/strong>le pueden resolver este problema.<\/span><\/span><\/p>\t\t\t\t\t\t\t\t<\/div>\n\t\t\t\t<\/div>\n\t\t\t\t<\/div>\n\t\t<div class=\"elementor-element elementor-element-f515e17 e-con-full e-flex e-con e-child\" data-id=\"f515e17\" data-element_type=\"container\" data-e-type=\"container\">\n\t\t\t\t<div class=\"elementor-element elementor-element-4bcbc3e elementor-headline--style-highlight elementor-widget elementor-widget-animated-headline\" data-id=\"4bcbc3e\" data-element_type=\"widget\" data-e-type=\"widget\" data-settings=\"{&quot;highlighted_text&quot;:&quot;Tenemos la formaci\\u00f3n que estabas buscando, 100% pr\\u00e1ctica, din\\u00e1mica y eficaz  &quot;,&quot;headline_style&quot;:&quot;highlight&quot;,&quot;marker&quot;:&quot;circle&quot;,&quot;loop&quot;:&quot;yes&quot;,&quot;highlight_animation_duration&quot;:1200,&quot;highlight_iteration_delay&quot;:8000}\" data-widget_type=\"animated-headline.default\">\n\t\t\t\t<div class=\"elementor-widget-container\">\n\t\t\t\t\t\t\t<h3 class=\"elementor-headline\">\n\t\t\t\t<span class=\"elementor-headline-dynamic-wrapper elementor-headline-text-wrapper\">\n\t\t\t\t\t<span class=\"elementor-headline-dynamic-text elementor-headline-text-active\">Tenemos la formaci\u00f3n que estabas buscando, 100% pr\u00e1ctica, din\u00e1mica y eficaz  <\/span>\n\t\t\t\t<\/span>\n\t\t\t\t<\/h3>\n\t\t\t\t\t\t<\/div>\n\t\t\t\t<\/div>\n\t\t\t\t<\/div>\n\t\t\t\t\t<\/div>\n\t\t\t\t<\/div>\n\t\t<div class=\"elementor-element elementor-element-c896ac5 e-flex e-con-boxed e-con e-parent\" data-id=\"c896ac5\" data-element_type=\"container\" data-e-type=\"container\">\n\t\t\t\t\t<div class=\"e-con-inner\">\n\t\t<div class=\"elementor-element elementor-element-e58adc7 e-con-full e-flex e-con e-child\" data-id=\"e58adc7\" data-element_type=\"container\" data-e-type=\"container\">\n\t\t\t\t<div class=\"elementor-element elementor-element-ecada4b elementor-widget elementor-widget-image\" data-id=\"ecada4b\" data-element_type=\"widget\" data-e-type=\"widget\" data-widget_type=\"image.default\">\n\t\t\t\t<div class=\"elementor-widget-container\">\n\t\t\t\t\t\t\t\t\t\t\t\t\t\t\t<img alt=\"\" fetchpriority=\"high\" decoding=\"async\" width=\"768\" height=\"576\" src=\"https:\/\/espaidelestudi.com\/wp-content\/uploads\/2025\/12\/tecniquesdestudi.webp\" class=\"attachment-large size-large wp-image-409\" alt=\"\" srcset=\"https:\/\/espaidelestudi.com\/wp-content\/uploads\/2025\/12\/tecniquesdestudi.webp 768w, https:\/\/espaidelestudi.com\/wp-content\/uploads\/2025\/12\/tecniquesdestudi-300x225.webp 300w\" sizes=\"(max-width: 768px) 100vw, 768px\" \/>\t\t\t\t\t\t\t\t\t\t\t\t\t\t\t<\/div>\n\t\t\t\t<\/div>\n\t\t\t\t<\/div>\n\t\t<div class=\"elementor-element elementor-element-c53f145 e-con-full e-flex e-con e-child\" data-id=\"c53f145\" data-element_type=\"container\" data-e-type=\"container\" data-settings=\"{&quot;background_background&quot;:&quot;classic&quot;}\">\n\t\t\t\t<div class=\"elementor-element elementor-element-a515061 elementor-widget elementor-widget-heading\" data-id=\"a515061\" data-element_type=\"widget\" data-e-type=\"widget\" data-widget_type=\"heading.default\">\n\t\t\t\t<div class=\"elementor-widget-container\">\n\t\t\t\t\t<h2 class=\"elementor-heading-title elementor-size-default\">Calendario<\/h2>\t\t\t\t<\/div>\n\t\t\t\t<\/div>\n\t\t\t\t<div class=\"elementor-element elementor-element-fc72e7a elementor-widget elementor-widget-text-editor\" data-id=\"fc72e7a\" data-element_type=\"widget\" data-e-type=\"widget\" data-widget_type=\"text-editor.default\">\n\t\t\t\t<div class=\"elementor-widget-container\">\n\t\t\t\t\t\t\t\t\t<p><strong>Julio<\/strong><\/p><p>De <strong>10 a 13h<\/strong><br> (Plazas limitadas)<\/p>\t\t\t\t\t\t\t\t<\/div>\n\t\t\t\t<\/div>\n\t\t\t\t<div class=\"elementor-element elementor-element-76e1e73 elementor-align-center elementor-widget elementor-widget-button\" data-id=\"76e1e73\" data-element_type=\"widget\" data-e-type=\"widget\" data-widget_type=\"button.default\">\n\t\t\t\t<div class=\"elementor-widget-container\">\n\t\t\t\t\t\t\t\t\t<div class=\"elementor-button-wrapper\">\n\t\t\t\t\t<a class=\"elementor-button elementor-button-link elementor-size-sm\" href=\"https:\/\/espaidelestudi.com\/contacte\/\">\n\t\t\t\t\t\t<span class=\"elementor-button-content-wrapper\">\n\t\t\t\t\t\t\t\t\t<span class=\"elementor-button-text\">CONTACTAR<\/span>\n\t\t\t\t\t<\/span>\n\t\t\t\t\t<\/a>\n\t\t\t\t<\/div>\n\t\t\t\t\t\t\t\t<\/div>\n\t\t\t\t<\/div>\n\t\t\t\t<\/div>\n\t\t\t\t\t<\/div>\n\t\t\t\t<\/div>\n\t\t\t\t<\/div>\n\t\t","protected":false},"excerpt":{"rendered":"<p>T\u00e9cnicas de estudio Hace un tiempo que tiene profesor particular y aunque entiende bien sus explicaciones, contin\u00faa sin aprobar los ex\u00e1menes, lo que desmotiva a\u00fan m\u00e1s. Todos los profesores dicen que tiene capacidad y que le falla la modo c\u00f3mo estudia y c\u00f3mo se organiza, pero nunca has encontrado donde le pueden resolver este problema. [&hellip;]<\/p>\n","protected":false},"author":1,"featured_media":0,"parent":395,"menu_order":0,"comment_status":"closed","ping_status":"closed","template":"","meta":{"_seopress_robots_primary_cat":"","_seopress_titles_title":"","_seopress_titles_desc":"","_seopress_robots_index":"","footnotes":""},"class_list":["post-410","page","type-page","status-publish","hentry"],"_links":{"self":[{"href":"https:\/\/espaidelestudi.com\/es\/wp-json\/wp\/v2\/pages\/410","targetHints":{"allow":["GET"]}}],"collection":[{"href":"https:\/\/espaidelestudi.com\/es\/wp-json\/wp\/v2\/pages"}],"about":[{"href":"https:\/\/espaidelestudi.com\/es\/wp-json\/wp\/v2\/types\/page"}],"author":[{"embeddable":true,"href":"https:\/\/espaidelestudi.com\/es\/wp-json\/wp\/v2\/users\/1"}],"replies":[{"embeddable":true,"href":"https:\/\/espaidelestudi.com\/es\/wp-json\/wp\/v2\/comments?post=410"}],"version-history":[{"count":0,"href":"https:\/\/espaidelestudi.com\/es\/wp-json\/wp\/v2\/pages\/410\/revisions"}],"up":[{"embeddable":true,"href":"https:\/\/espaidelestudi.com\/es\/wp-json\/wp\/v2\/pages\/395"}],"wp:attachment":[{"href":"https:\/\/espaidelestudi.com\/es\/wp-json\/wp\/v2\/media?parent=410"}],"curies":[{"name":"wp","href":"https:\/\/api.w.org\/{rel}","templated":true}]}}