{"id":412,"date":"2025-12-17T11:28:27","date_gmt":"2025-12-17T10:28:27","guid":{"rendered":"https:\/\/espaidelestudi.com\/?page_id=412"},"modified":"2026-04-23T08:48:26","modified_gmt":"2026-04-23T07:48:26","slug":"refuerzo-eso-y-bachillerato","status":"publish","type":"page","link":"https:\/\/espaidelestudi.com\/es\/aula-de-verano\/refuerzo-eso-y-bachillerato\/","title":{"rendered":"Refuerzo ESO y Bachillerato"},"content":{"rendered":"\t\t<div data-elementor-type=\"wp-page\" data-elementor-id=\"412\" class=\"elementor elementor-412 elementor-37\" data-elementor-post-type=\"page\">\n\t\t\t\t<div class=\"elementor-element elementor-element-b9143de e-flex e-con-boxed e-con e-parent\" data-id=\"b9143de\" data-element_type=\"container\" data-e-type=\"container\" data-settings=\"{&quot;background_background&quot;:&quot;classic&quot;,&quot;shape_divider_bottom&quot;:&quot;split&quot;}\">\n\t\t\t\t\t<div class=\"e-con-inner\">\n\t\t\t\t<div class=\"elementor-shape elementor-shape-bottom\" aria-hidden=\"true\" data-negative=\"false\">\n\t\t\t<svg xmlns=\"http:\/\/www.w3.org\/2000\/svg\" viewBox=\"0 0 1000 20\" preserveAspectRatio=\"none\">\n\t<path class=\"elementor-shape-fill\" d=\"M0,0v3c0,0,393.8,0,483.4,0c9.2,0,16.6,7.4,16.6,16.6c0-9.1,7.4-16.6,16.6-16.6C606.2,3,1000,3,1000,3V0H0z\"\/>\n<\/svg>\t\t<\/div>\n\t\t\t\t<div class=\"elementor-element elementor-element-bc53857 elementor-widget-mobile__width-inherit elementor-widget elementor-widget-heading\" data-id=\"bc53857\" data-element_type=\"widget\" data-e-type=\"widget\" data-widget_type=\"heading.default\">\n\t\t\t\t<div class=\"elementor-widget-container\">\n\t\t\t\t\t<h2 class=\"elementor-heading-title elementor-size-default\">Refuerzo ESO y Bachillerato<\/h2>\t\t\t\t<\/div>\n\t\t\t\t<\/div>\n\t\t\t\t\t<\/div>\n\t\t\t\t<\/div>\n\t\t<div class=\"elementor-element elementor-element-f999c0c e-flex e-con-boxed e-con e-parent\" data-id=\"f999c0c\" data-element_type=\"container\" data-e-type=\"container\">\n\t\t\t\t\t<div class=\"e-con-inner\">\n\t\t<div class=\"elementor-element elementor-element-0d80223 e-con-full e-flex e-con e-child\" data-id=\"0d80223\" data-element_type=\"container\" data-e-type=\"container\">\n\t\t\t\t<div class=\"elementor-element elementor-element-6f247ed elementor-widget elementor-widget-heading\" data-id=\"6f247ed\" data-element_type=\"widget\" data-e-type=\"widget\" data-widget_type=\"heading.default\">\n\t\t\t\t<div class=\"elementor-widget-container\">\n\t\t\t\t\t<h2 class=\"elementor-heading-title elementor-size-default\">Repaso y refuerzo para ESO y Bachillerato<\/h2>\t\t\t\t<\/div>\n\t\t\t\t<\/div>\n\t\t\t\t<div class=\"elementor-element elementor-element-0cef772 elementor-widget elementor-widget-text-editor\" data-id=\"0cef772\" data-element_type=\"widget\" data-e-type=\"widget\" data-widget_type=\"text-editor.default\">\n\t\t\t\t<div class=\"elementor-widget-container\">\n\t\t\t\t\t\t\t\t\t<p>\u00bfEl curso no ha terminado como esperabas y tienes que reforzar asignaturas o preparar <strong>ex\u00e1menes de septiembre<\/strong>?<\/p><p>\u00bfQuieres dejar tu <strong>TR<\/strong> terminado este verano?<\/p><p>\u00bfHas terminado la ESO y quieres prepararte bien para <strong>empezar Bachillerato<\/strong>?<\/p>\t\t\t\t\t\t\t\t<\/div>\n\t\t\t\t<\/div>\n\t\t\t\t<\/div>\n\t\t<div class=\"elementor-element elementor-element-b2a9d53 e-con-full e-flex e-con e-child\" data-id=\"b2a9d53\" data-element_type=\"container\" data-e-type=\"container\">\n\t\t\t\t<div class=\"elementor-element elementor-element-07dbcb4 elementor-headline--style-highlight elementor-widget elementor-widget-animated-headline\" data-id=\"07dbcb4\" data-element_type=\"widget\" data-e-type=\"widget\" data-settings=\"{&quot;highlighted_text&quot;:&quot;Sin que te des cuenta, tendr\\u00e1s el trabajo hecho.&quot;,&quot;headline_style&quot;:&quot;highlight&quot;,&quot;marker&quot;:&quot;circle&quot;,&quot;loop&quot;:&quot;yes&quot;,&quot;highlight_animation_duration&quot;:1200,&quot;highlight_iteration_delay&quot;:8000}\" data-widget_type=\"animated-headline.default\">\n\t\t\t\t<div class=\"elementor-widget-container\">\n\t\t\t\t\t\t\t<h3 class=\"elementor-headline\">\n\t\t\t\t<span class=\"elementor-headline-dynamic-wrapper elementor-headline-text-wrapper\">\n\t\t\t\t\t<span class=\"elementor-headline-dynamic-text elementor-headline-text-active\">Sin que te des cuenta, tendr\u00e1s el trabajo hecho.<\/span>\n\t\t\t\t<\/span>\n\t\t\t\t<\/h3>\n\t\t\t\t\t\t<\/div>\n\t\t\t\t<\/div>\n\t\t\t\t<\/div>\n\t\t\t\t\t<\/div>\n\t\t\t\t<\/div>\n\t\t<div class=\"elementor-element elementor-element-90eedaa e-flex e-con-boxed e-con e-parent\" data-id=\"90eedaa\" data-element_type=\"container\" data-e-type=\"container\">\n\t\t\t\t\t<div class=\"e-con-inner\">\n\t\t<div class=\"elementor-element elementor-element-848f1a2 e-con-full e-flex e-con e-child\" data-id=\"848f1a2\" data-element_type=\"container\" data-e-type=\"container\">\n\t\t\t\t<div class=\"elementor-element elementor-element-1e21f82 elementor-widget elementor-widget-image\" data-id=\"1e21f82\" data-element_type=\"widget\" data-e-type=\"widget\" data-widget_type=\"image.default\">\n\t\t\t\t<div class=\"elementor-widget-container\">\n\t\t\t\t\t\t\t\t\t\t\t\t\t\t\t<img alt=\"\" fetchpriority=\"high\" decoding=\"async\" width=\"620\" height=\"551\" src=\"https:\/\/espaidelestudi.com\/wp-content\/uploads\/2025\/12\/Rectangle_5-1.png\" class=\"attachment-large size-large wp-image-411\" alt=\"\" srcset=\"https:\/\/espaidelestudi.com\/wp-content\/uploads\/2025\/12\/Rectangle_5-1.png 620w, https:\/\/espaidelestudi.com\/wp-content\/uploads\/2025\/12\/Rectangle_5-1-300x267.png 300w\" sizes=\"(max-width: 620px) 100vw, 620px\" \/>\t\t\t\t\t\t\t\t\t\t\t\t\t\t\t<\/div>\n\t\t\t\t<\/div>\n\t\t\t\t<\/div>\n\t\t<div class=\"elementor-element elementor-element-c5d13b0 e-con-full e-flex e-con e-child\" data-id=\"c5d13b0\" data-element_type=\"container\" data-e-type=\"container\" data-settings=\"{&quot;background_background&quot;:&quot;classic&quot;}\">\n\t\t\t\t<div class=\"elementor-element elementor-element-1202d63 elementor-widget elementor-widget-text-editor\" data-id=\"1202d63\" data-element_type=\"widget\" data-e-type=\"widget\" data-widget_type=\"text-editor.default\">\n\t\t\t\t<div class=\"elementor-widget-container\">\n\t\t\t\t\t\t\t\t\tEn el Aula de Verano avanzar\u00e1s en el trabajo, semana a semana, con un equipo de profesores a tu disposici\u00f3n que te ayudaremos a planificarte, entender los contenidos y ense\u00f1arte estrategias y pautas de estudio que te servir\u00e1n de ahora en adelante.\t\t\t\t\t\t\t\t<\/div>\n\t\t\t\t<\/div>\n\t\t\t\t<\/div>\n\t\t\t\t\t<\/div>\n\t\t\t\t<\/div>\n\t\t<div class=\"elementor-element elementor-element-dfb2b57 e-flex e-con-boxed e-con e-parent\" data-id=\"dfb2b57\" data-element_type=\"container\" data-e-type=\"container\">\n\t\t\t\t\t<div class=\"e-con-inner\">\n\t\t<div class=\"elementor-element elementor-element-f19dfc1 e-con-full e-flex e-con e-child\" data-id=\"f19dfc1\" data-element_type=\"container\" data-e-type=\"container\" data-settings=\"{&quot;background_background&quot;:&quot;classic&quot;}\">\n\t\t\t\t<div class=\"elementor-element elementor-element-d583d58 elementor-widget elementor-widget-heading\" data-id=\"d583d58\" data-element_type=\"widget\" data-e-type=\"widget\" data-widget_type=\"heading.default\">\n\t\t\t\t<div class=\"elementor-widget-container\">\n\t\t\t\t\t<h2 class=\"elementor-heading-title elementor-size-default\">Calendario<\/h2>\t\t\t\t<\/div>\n\t\t\t\t<\/div>\n\t\t\t\t<div class=\"elementor-element elementor-element-1e2517d elementor-widget elementor-widget-text-editor\" data-id=\"1e2517d\" data-element_type=\"widget\" data-e-type=\"widget\" data-widget_type=\"text-editor.default\">\n\t\t\t\t<div class=\"elementor-widget-container\">\n\t\t\t\t\t\t\t\t\t<p><strong>Julio y Agosto<\/strong><\/p><p>Del 29 de junio al 23 de julio y del 24 d&#8217;agost al 3 de setiembre<br \/><br \/>De lunes a jueves de 10h a 13h<br \/>(12 horas\/semana)<\/p><p>\u00a0<\/p>\t\t\t\t\t\t\t\t<\/div>\n\t\t\t\t<\/div>\n\t\t\t\t<div class=\"elementor-element elementor-element-0e90431 elementor-widget elementor-widget-heading\" data-id=\"0e90431\" data-element_type=\"widget\" data-e-type=\"widget\" data-widget_type=\"heading.default\">\n\t\t\t\t<div class=\"elementor-widget-container\">\n\t\t\t\t\t<h2 class=\"elementor-heading-title elementor-size-default\">Precios\n<\/h2>\t\t\t\t<\/div>\n\t\t\t\t<\/div>\n\t\t\t\t<div class=\"elementor-element elementor-element-569db32 elementor-widget elementor-widget-text-editor\" data-id=\"569db32\" data-element_type=\"widget\" data-e-type=\"widget\" data-widget_type=\"text-editor.default\">\n\t\t\t\t<div class=\"elementor-widget-container\">\n\t\t\t\t\t\t\t\t\t<p>5 semanas 485\u20ac<\/p><p>4 semanas 400\u20ac<\/p><p>3 semanas 310\u20ac<\/p><p>2 semanas 215\u20ac<\/p><p>1 semana 115\u20ac<\/p><p>Inscripciones antes del 18 de junio, 45\u20ac de descuento a partir de la tercera semana<\/p>\t\t\t\t\t\t\t\t<\/div>\n\t\t\t\t<\/div>\n\t\t\t\t<\/div>\n\t\t<div class=\"elementor-element elementor-element-2167069 e-con-full e-flex e-con e-child\" data-id=\"2167069\" data-element_type=\"container\" data-e-type=\"container\">\n\t\t\t\t<div class=\"elementor-element elementor-element-3a2f844 elementor-widget elementor-widget-heading\" data-id=\"3a2f844\" data-element_type=\"widget\" data-e-type=\"widget\" data-widget_type=\"heading.default\">\n\t\t\t\t<div class=\"elementor-widget-container\">\n\t\t\t\t\t<h2 class=\"elementor-heading-title elementor-size-default\">Ventajas<\/h2>\t\t\t\t<\/div>\n\t\t\t\t<\/div>\n\t\t\t\t<div class=\"elementor-element elementor-element-ddd8944 elementor-widget elementor-widget-text-editor\" data-id=\"ddd8944\" data-element_type=\"widget\" data-e-type=\"widget\" data-widget_type=\"text-editor.default\">\n\t\t\t\t<div class=\"elementor-widget-container\">\n\t\t\t\t\t\t\t\t\t<div class=\"elementor-element elementor-element-45ea0ceb elementor-icon-list--layout-traditional elementor-list-item-link-full_width elementor-widget elementor-widget-icon-list\" data-id=\"45ea0ceb\" data-element_type=\"widget\" data-widget_type=\"icon-list.default\"><div class=\"elementor-widget-container\"><ul class=\"elementor-icon-list-items\"><li class=\"elementor-icon-list-item\" style=\"text-align: left;\"><span class=\"elementor-icon-list-text\">Si no <b>te organizas<\/b> bien el <b>tiempo<\/b>, con un <b>horario regular<\/b> y <b>constante<\/b>, te encontrar\u00e1s a finales de julio y con un mont\u00f3n de <b>trabajo pendiente<\/b>.<\/span><\/li><li class=\"elementor-icon-list-item\"><span class=\"elementor-icon-list-text\">Cuando trabajas en un <b>entorno tranquilo<\/b>, sin distracciones pero agradable, <b>te concentras mejor<\/b> y no te detienes para levantarte, mirar el m\u00f3vil o abandonar el trabajo.<\/span><\/li><li class=\"elementor-icon-list-item\"><span class=\"elementor-icon-list-text\">Est\u00e1s <b>cansado<\/b> de que se atasquen <b>las dudas<\/b> y de llegar siempre a la conclusi\u00f3n de que necesitas <b>un profesor<\/b> que te cuente bien todo lo que no est\u00e1s entendiendo.<\/span><\/li><li><span class=\"elementor-icon-list-text\">Sabes que si encuentras la manera de <b>concentrar<\/b> todo tu <b>esfuerzo<\/b> en julio <b>,<\/b> seguro que podr\u00e1s <b>disfrutar de las vacaciones en agosto<\/b> sin abrir ni un solo libro.<\/span><\/li><\/ul><\/div><\/div>\t\t\t\t\t\t\t\t<\/div>\n\t\t\t\t<\/div>\n\t\t\t\t<div class=\"elementor-element elementor-element-83969e3 elementor-widget elementor-widget-heading\" data-id=\"83969e3\" data-element_type=\"widget\" data-e-type=\"widget\" data-widget_type=\"heading.default\">\n\t\t\t\t<div class=\"elementor-widget-container\">\n\t\t\t\t\t<h4 class=\"elementor-heading-title elementor-size-default\">\n\u00bfQuieres m\u00e1s informaci\u00f3n sobre el curso?\n<\/h4>\t\t\t\t<\/div>\n\t\t\t\t<\/div>\n\t\t\t\t<div class=\"elementor-element elementor-element-1a2c04e elementor-align-center elementor-widget elementor-widget-button\" data-id=\"1a2c04e\" data-element_type=\"widget\" data-e-type=\"widget\" data-widget_type=\"button.default\">\n\t\t\t\t<div class=\"elementor-widget-container\">\n\t\t\t\t\t\t\t\t\t<div class=\"elementor-button-wrapper\">\n\t\t\t\t\t<a class=\"elementor-button elementor-button-link elementor-size-sm\" href=\"https:\/\/espaidelestudi.com\/contacte\/\">\n\t\t\t\t\t\t<span class=\"elementor-button-content-wrapper\">\n\t\t\t\t\t\t\t\t\t<span class=\"elementor-button-text\">CONTACTAR<\/span>\n\t\t\t\t\t<\/span>\n\t\t\t\t\t<\/a>\n\t\t\t\t<\/div>\n\t\t\t\t\t\t\t\t<\/div>\n\t\t\t\t<\/div>\n\t\t\t\t<\/div>\n\t\t\t\t\t<\/div>\n\t\t\t\t<\/div>\n\t\t\t\t<\/div>\n\t\t","protected":false},"excerpt":{"rendered":"<p>Repaso y refuerzo para ESO y Bachillerato \u00bfEl curso no ha terminado como esperabas y tienes que reforzar asignaturas o preparar ex\u00e1menes de septiembre? \u00bfQuieres dejar tu TR terminado este verano? \u00bfHas terminado la ESO y quieres prepararte bien para empezar Bachillerato? Sin que te des cuenta, tendr\u00e1s el trabajo hecho. En el Aula de [&hellip;]<\/p>\n","protected":false},"author":1,"featured_media":0,"parent":395,"menu_order":0,"comment_status":"closed","ping_status":"closed","template":"","meta":{"_seopress_robots_primary_cat":"","_seopress_titles_title":"","_seopress_titles_desc":"","_seopress_robots_index":"","footnotes":""},"class_list":["post-412","page","type-page","status-publish","hentry"],"_links":{"self":[{"href":"https:\/\/espaidelestudi.com\/es\/wp-json\/wp\/v2\/pages\/412","targetHints":{"allow":["GET"]}}],"collection":[{"href":"https:\/\/espaidelestudi.com\/es\/wp-json\/wp\/v2\/pages"}],"about":[{"href":"https:\/\/espaidelestudi.com\/es\/wp-json\/wp\/v2\/types\/page"}],"author":[{"embeddable":true,"href":"https:\/\/espaidelestudi.com\/es\/wp-json\/wp\/v2\/users\/1"}],"replies":[{"embeddable":true,"href":"https:\/\/espaidelestudi.com\/es\/wp-json\/wp\/v2\/comments?post=412"}],"version-history":[{"count":0,"href":"https:\/\/espaidelestudi.com\/es\/wp-json\/wp\/v2\/pages\/412\/revisions"}],"up":[{"embeddable":true,"href":"https:\/\/espaidelestudi.com\/es\/wp-json\/wp\/v2\/pages\/395"}],"wp:attachment":[{"href":"https:\/\/espaidelestudi.com\/es\/wp-json\/wp\/v2\/media?parent=412"}],"curies":[{"name":"wp","href":"https:\/\/api.w.org\/{rel}","templated":true}]}}