{"id":416,"date":"2025-12-17T11:34:30","date_gmt":"2025-12-17T10:34:30","guid":{"rendered":"https:\/\/espaidelestudi.com\/preparacion-pruebas-de-acceso\/selectivitat-i-proves-dacces-curs-intensiu\/"},"modified":"2025-12-29T04:28:57","modified_gmt":"2025-12-29T03:28:57","slug":"selectivitat-i-proves-dacces-curs-intensiu","status":"publish","type":"page","link":"https:\/\/espaidelestudi.com\/es\/preparacion-pruebas-de-acceso\/selectivitat-i-proves-dacces-curs-intensiu\/","title":{"rendered":"Selectividad y pruebas de acceso \u2013 curso intensivo"},"content":{"rendered":"\t\t<div data-elementor-type=\"wp-page\" data-elementor-id=\"416\" class=\"elementor elementor-416 elementor-56\" data-elementor-post-type=\"page\">\n\t\t\t\t<div class=\"elementor-element elementor-element-fdac447 e-flex e-con-boxed e-con e-parent\" data-id=\"fdac447\" data-element_type=\"container\" data-e-type=\"container\" data-settings=\"{&quot;background_background&quot;:&quot;classic&quot;,&quot;shape_divider_bottom&quot;:&quot;split&quot;}\">\n\t\t\t\t\t<div class=\"e-con-inner\">\n\t\t\t\t<div class=\"elementor-shape elementor-shape-bottom\" aria-hidden=\"true\" data-negative=\"false\">\n\t\t\t<svg xmlns=\"http:\/\/www.w3.org\/2000\/svg\" viewBox=\"0 0 1000 20\" preserveAspectRatio=\"none\">\n\t<path class=\"elementor-shape-fill\" d=\"M0,0v3c0,0,393.8,0,483.4,0c9.2,0,16.6,7.4,16.6,16.6c0-9.1,7.4-16.6,16.6-16.6C606.2,3,1000,3,1000,3V0H0z\"\/>\n<\/svg>\t\t<\/div>\n\t\t\t\t<div class=\"elementor-element elementor-element-f30446c elementor-widget-mobile__width-inherit elementor-widget elementor-widget-heading\" data-id=\"f30446c\" data-element_type=\"widget\" data-e-type=\"widget\" data-widget_type=\"heading.default\">\n\t\t\t\t<div class=\"elementor-widget-container\">\n\t\t\t\t\t<h2 class=\"elementor-heading-title elementor-size-default\">Selectividad y pruebas de acceso \u2013 curso intensivo<\/h2>\t\t\t\t<\/div>\n\t\t\t\t<\/div>\n\t\t\t\t\t<\/div>\n\t\t\t\t<\/div>\n\t\t<div class=\"elementor-element elementor-element-180a02e e-flex e-con-boxed e-con e-parent\" data-id=\"180a02e\" data-element_type=\"container\" data-e-type=\"container\">\n\t\t\t\t\t<div class=\"e-con-inner\">\n\t\t<div class=\"elementor-element elementor-element-3470d12 e-con-full e-flex e-con e-child\" data-id=\"3470d12\" data-element_type=\"container\" data-e-type=\"container\">\n\t\t\t\t<div class=\"elementor-element elementor-element-bdb326c elementor-widget elementor-widget-heading\" data-id=\"bdb326c\" data-element_type=\"widget\" data-e-type=\"widget\" data-widget_type=\"heading.default\">\n\t\t\t\t<div class=\"elementor-widget-container\">\n\t\t\t\t\t<h2 class=\"elementor-heading-title elementor-size-default\">\n\nCurso intensivo mayo y junio\n\n<\/h2>\t\t\t\t<\/div>\n\t\t\t\t<\/div>\n\t\t\t\t<div class=\"elementor-element elementor-element-f7dc74c elementor-widget elementor-widget-text-editor\" data-id=\"f7dc74c\" data-element_type=\"widget\" data-e-type=\"widget\" data-widget_type=\"text-editor.default\">\n\t\t\t\t<div class=\"elementor-widget-container\">\n\t\t\t\t\t\t\t\t\t\u00bfHas acabado un <strong>Ciclo de Grado Superior<\/strong> y quieres presentarte a la <strong>Selectividad<\/strong>, pero te hace falta ayuda para preparar las pruebas de las <strong>asignaturas espec\u00edficas<\/strong>?\n\n\u00bfNecesitas preparar las <strong>PAP<\/strong> para el acceso a los grados en <strong>Educaci\u00f3n Infantil<\/strong> y en <strong>Educaci\u00f3n Primaria<\/strong>?\t\t\t\t\t\t\t\t<\/div>\n\t\t\t\t<\/div>\n\t\t\t\t<\/div>\n\t\t<div class=\"elementor-element elementor-element-e0589dc e-con-full e-flex e-con e-child\" data-id=\"e0589dc\" data-element_type=\"container\" data-e-type=\"container\">\n\t\t\t\t<div class=\"elementor-element elementor-element-c0e8e2d elementor-headline--style-highlight elementor-widget elementor-widget-animated-headline\" data-id=\"c0e8e2d\" data-element_type=\"widget\" data-e-type=\"widget\" data-settings=\"{&quot;highlighted_text&quot;:&quot;Dispondr\\u00e1s de un equipo docente con especialistas de todas las asignaturas.&quot;,&quot;headline_style&quot;:&quot;highlight&quot;,&quot;marker&quot;:&quot;circle&quot;,&quot;loop&quot;:&quot;yes&quot;,&quot;highlight_animation_duration&quot;:1200,&quot;highlight_iteration_delay&quot;:8000}\" data-widget_type=\"animated-headline.default\">\n\t\t\t\t<div class=\"elementor-widget-container\">\n\t\t\t\t\t\t\t<h3 class=\"elementor-headline\">\n\t\t\t\t<span class=\"elementor-headline-dynamic-wrapper elementor-headline-text-wrapper\">\n\t\t\t\t\t<span class=\"elementor-headline-dynamic-text elementor-headline-text-active\">Dispondr\u00e1s de un equipo docente con especialistas de todas las asignaturas.<\/span>\n\t\t\t\t<\/span>\n\t\t\t\t<\/h3>\n\t\t\t\t\t\t<\/div>\n\t\t\t\t<\/div>\n\t\t\t\t<\/div>\n\t\t\t\t\t<\/div>\n\t\t\t\t<\/div>\n\t\t<div class=\"elementor-element elementor-element-4859542 e-flex e-con-boxed e-con e-parent\" data-id=\"4859542\" data-element_type=\"container\" data-e-type=\"container\">\n\t\t\t\t\t<div class=\"e-con-inner\">\n\t\t<div class=\"elementor-element elementor-element-674778f e-con-full e-flex e-con e-child\" data-id=\"674778f\" data-element_type=\"container\" data-e-type=\"container\">\n\t\t\t\t<div class=\"elementor-element elementor-element-3da78bc elementor-widget elementor-widget-image\" data-id=\"3da78bc\" data-element_type=\"widget\" data-e-type=\"widget\" data-widget_type=\"image.default\">\n\t\t\t\t<div class=\"elementor-widget-container\">\n\t\t\t\t\t\t\t\t\t\t\t\t\t\t\t<img alt=\"\" fetchpriority=\"high\" decoding=\"async\" width=\"600\" height=\"500\" src=\"https:\/\/espaidelestudi.com\/wp-content\/uploads\/2025\/12\/IMG-20191114-WA0000-pfj1tqgo3vcgungc2uy0wjfemww0s5t860ztsm8g3s.jpg\" class=\"attachment-large size-large wp-image-417\" alt=\"\" srcset=\"https:\/\/espaidelestudi.com\/wp-content\/uploads\/2025\/12\/IMG-20191114-WA0000-pfj1tqgo3vcgungc2uy0wjfemww0s5t860ztsm8g3s.jpg 600w, https:\/\/espaidelestudi.com\/wp-content\/uploads\/2025\/12\/IMG-20191114-WA0000-pfj1tqgo3vcgungc2uy0wjfemww0s5t860ztsm8g3s-300x250.jpg 300w\" sizes=\"(max-width: 600px) 100vw, 600px\" \/>\t\t\t\t\t\t\t\t\t\t\t\t\t\t\t<\/div>\n\t\t\t\t<\/div>\n\t\t\t\t<\/div>\n\t\t<div class=\"elementor-element elementor-element-52b758e e-con-full e-flex e-con e-child\" data-id=\"52b758e\" data-element_type=\"container\" data-e-type=\"container\" data-settings=\"{&quot;background_background&quot;:&quot;classic&quot;}\">\n\t\t\t\t<div class=\"elementor-element elementor-element-6b7d284 elementor-widget elementor-widget-text-editor\" data-id=\"6b7d284\" data-element_type=\"widget\" data-e-type=\"widget\" data-widget_type=\"text-editor.default\">\n\t\t\t\t<div class=\"elementor-widget-container\">\n\t\t\t\t\t\t\t\t\tEn el Espacio del estudio <strong>encontrar\u00e1s lo que necesitas<\/strong> porque descubrir\u00e1s lo <strong>f\u00e1cil que es estudiar<\/strong> en un <strong>entorno<\/strong> que te proporciona <strong>concentraci\u00f3n<\/strong> y rodeado de un <strong>equipo de profesores<\/strong> que te ayudar\u00e1n tanto con los <strong>contenidos<\/strong> y <strong>materiales<\/strong> como en la <strong>estrategia<\/strong>, para <strong>prepararte a fondo<\/strong> y superar las pruebas con la <strong>mejor nota.<\/strong>\t\t\t\t\t\t\t\t<\/div>\n\t\t\t\t<\/div>\n\t\t\t\t<\/div>\n\t\t\t\t\t<\/div>\n\t\t\t\t<\/div>\n\t\t<div class=\"elementor-element elementor-element-bffb026 e-flex e-con-boxed e-con e-parent\" data-id=\"bffb026\" data-element_type=\"container\" data-e-type=\"container\">\n\t\t\t\t\t<div class=\"e-con-inner\">\n\t\t<div class=\"elementor-element elementor-element-7192e13 e-con-full e-flex e-con e-child\" data-id=\"7192e13\" data-element_type=\"container\" data-e-type=\"container\" data-settings=\"{&quot;background_background&quot;:&quot;classic&quot;}\">\n\t\t\t\t<div class=\"elementor-element elementor-element-7a51262 elementor-widget elementor-widget-heading\" data-id=\"7a51262\" data-element_type=\"widget\" data-e-type=\"widget\" data-widget_type=\"heading.default\">\n\t\t\t\t<div class=\"elementor-widget-container\">\n\t\t\t\t\t<h2 class=\"elementor-heading-title elementor-size-default\">Calendario<\/h2>\t\t\t\t<\/div>\n\t\t\t\t<\/div>\n\t\t\t\t<div class=\"elementor-element elementor-element-1e9b51e elementor-widget elementor-widget-text-editor\" data-id=\"1e9b51e\" data-element_type=\"widget\" data-e-type=\"widget\" data-widget_type=\"text-editor.default\">\n\t\t\t\t<div class=\"elementor-widget-container\">\n\t\t\t\t\t\t\t\t\tMa\u00f1anas de <strong>10.00 a 13.00<\/strong> h o\n\n<strong>Mayo y Junio<\/strong>\n\nDe lunes a jueves de 16 a 19hs\n\nConsultar la disponibilidad de ma\u00f1anas\n\n(12 horas\/semana)\n\nDel 5 de mayo al 19 de junio\t\t\t\t\t\t\t\t<\/div>\n\t\t\t\t<\/div>\n\t\t\t\t<div class=\"elementor-element elementor-element-d0065b8 elementor-widget elementor-widget-heading\" data-id=\"d0065b8\" data-element_type=\"widget\" data-e-type=\"widget\" data-widget_type=\"heading.default\">\n\t\t\t\t<div class=\"elementor-widget-container\">\n\t\t\t\t\t<h2 class=\"elementor-heading-title elementor-size-default\">\nPrecios\n<\/h2>\t\t\t\t<\/div>\n\t\t\t\t<\/div>\n\t\t\t\t<div class=\"elementor-element elementor-element-a088b9b elementor-widget elementor-widget-text-editor\" data-id=\"a088b9b\" data-element_type=\"widget\" data-e-type=\"widget\" data-widget_type=\"text-editor.default\">\n\t\t\t\t<div class=\"elementor-widget-container\">\n\t\t\t\t\t\t\t\t\t<p>5 semanas 400\u20ac<\/p><p>7 semanas 590\u20ac<\/p><p>6 semanas 515\u20ac<\/p><p>5 semanas 445\u20ac<\/p><p>4 semanas 365\u20ac<\/p><p>3 semanas 285\u20ac<\/p><p>2 semanas 200\u20ac<\/p><p>1 semana 105\u20ac<\/p>\t\t\t\t\t\t\t\t<\/div>\n\t\t\t\t<\/div>\n\t\t\t\t<\/div>\n\t\t<div class=\"elementor-element elementor-element-88d610c e-con-full e-flex e-con e-child\" data-id=\"88d610c\" data-element_type=\"container\" data-e-type=\"container\">\n\t\t\t\t<div class=\"elementor-element elementor-element-0c9b10e elementor-widget elementor-widget-heading\" data-id=\"0c9b10e\" data-element_type=\"widget\" data-e-type=\"widget\" data-widget_type=\"heading.default\">\n\t\t\t\t<div class=\"elementor-widget-container\">\n\t\t\t\t\t<h4 class=\"elementor-heading-title elementor-size-default\">\u00bfQuieres m\u00e1s informaci\u00f3n sobre el curso?\n\n<\/h4>\t\t\t\t<\/div>\n\t\t\t\t<\/div>\n\t\t\t\t<div class=\"elementor-element elementor-element-2d349c4 elementor-widget elementor-widget-heading\" data-id=\"2d349c4\" data-element_type=\"widget\" data-e-type=\"widget\" data-widget_type=\"heading.default\">\n\t\t\t\t<div class=\"elementor-widget-container\">\n\t\t\t\t\t<h3 class=\"elementor-heading-title elementor-size-default\">Escr\u00edbenos y te invitaremos a que vengas a probar un d\u00eda \ud83d\udc47<\/h3>\t\t\t\t<\/div>\n\t\t\t\t<\/div>\n\t\t\t\t<div class=\"elementor-element elementor-element-98b9dae elementor-align-center elementor-widget elementor-widget-button\" data-id=\"98b9dae\" data-element_type=\"widget\" data-e-type=\"widget\" data-widget_type=\"button.default\">\n\t\t\t\t<div class=\"elementor-widget-container\">\n\t\t\t\t\t\t\t\t\t<div class=\"elementor-button-wrapper\">\n\t\t\t\t\t<a class=\"elementor-button elementor-button-link elementor-size-sm\" href=\"https:\/\/espaidelestudi.com\/contacte\/\">\n\t\t\t\t\t\t<span class=\"elementor-button-content-wrapper\">\n\t\t\t\t\t\t\t\t\t<span class=\"elementor-button-text\">CONTACTAR<\/span>\n\t\t\t\t\t<\/span>\n\t\t\t\t\t<\/a>\n\t\t\t\t<\/div>\n\t\t\t\t\t\t\t\t<\/div>\n\t\t\t\t<\/div>\n\t\t\t\t<\/div>\n\t\t\t\t\t<\/div>\n\t\t\t\t<\/div>\n\t\t\t\t<\/div>\n\t\t","protected":false},"excerpt":{"rendered":"<p>Curso intensivo mayo y junio \u00bfHas acabado un Ciclo de Grado Superior y quieres presentarte a la Selectividad, pero te hace falta ayuda para preparar las pruebas de las asignaturas espec\u00edficas? \u00bfNecesitas preparar las PAP para el acceso a los grados en Educaci\u00f3n Infantil y en Educaci\u00f3n Primaria? Dispondr\u00e1s de un equipo docente con especialistas [&hellip;]<\/p>\n","protected":false},"author":1,"featured_media":0,"parent":413,"menu_order":0,"comment_status":"closed","ping_status":"closed","template":"","meta":{"_seopress_robots_primary_cat":"","_seopress_titles_title":"","_seopress_titles_desc":"","_seopress_robots_index":"","footnotes":""},"class_list":["post-416","page","type-page","status-publish","hentry"],"_links":{"self":[{"href":"https:\/\/espaidelestudi.com\/es\/wp-json\/wp\/v2\/pages\/416","targetHints":{"allow":["GET"]}}],"collection":[{"href":"https:\/\/espaidelestudi.com\/es\/wp-json\/wp\/v2\/pages"}],"about":[{"href":"https:\/\/espaidelestudi.com\/es\/wp-json\/wp\/v2\/types\/page"}],"author":[{"embeddable":true,"href":"https:\/\/espaidelestudi.com\/es\/wp-json\/wp\/v2\/users\/1"}],"replies":[{"embeddable":true,"href":"https:\/\/espaidelestudi.com\/es\/wp-json\/wp\/v2\/comments?post=416"}],"version-history":[{"count":0,"href":"https:\/\/espaidelestudi.com\/es\/wp-json\/wp\/v2\/pages\/416\/revisions"}],"up":[{"embeddable":true,"href":"https:\/\/espaidelestudi.com\/es\/wp-json\/wp\/v2\/pages\/413"}],"wp:attachment":[{"href":"https:\/\/espaidelestudi.com\/es\/wp-json\/wp\/v2\/media?parent=416"}],"curies":[{"name":"wp","href":"https:\/\/api.w.org\/{rel}","templated":true}]}}