{"id":422,"date":"2025-12-17T11:32:23","date_gmt":"2025-12-17T10:32:23","guid":{"rendered":"https:\/\/espaidelestudi.com\/?page_id=422"},"modified":"2025-12-29T04:37:37","modified_gmt":"2025-12-29T03:37:37","slug":"refuerzo-intensivo-final-de-curso","status":"publish","type":"page","link":"https:\/\/espaidelestudi.com\/es\/refuerzo-curso-escolar\/refuerzo-intensivo-final-de-curso\/","title":{"rendered":"Refuerzo Intensivo final de curso"},"content":{"rendered":"\t\t<div data-elementor-type=\"wp-page\" data-elementor-id=\"422\" class=\"elementor elementor-422 elementor-50\" data-elementor-post-type=\"page\">\n\t\t\t\t<div class=\"elementor-element elementor-element-e1a9c54 e-flex e-con-boxed e-con e-parent\" data-id=\"e1a9c54\" data-element_type=\"container\" data-e-type=\"container\" data-settings=\"{&quot;background_background&quot;:&quot;classic&quot;,&quot;shape_divider_bottom&quot;:&quot;split&quot;}\">\n\t\t\t\t\t<div class=\"e-con-inner\">\n\t\t\t\t<div class=\"elementor-shape elementor-shape-bottom\" aria-hidden=\"true\" data-negative=\"false\">\n\t\t\t<svg xmlns=\"http:\/\/www.w3.org\/2000\/svg\" viewBox=\"0 0 1000 20\" preserveAspectRatio=\"none\">\n\t<path class=\"elementor-shape-fill\" d=\"M0,0v3c0,0,393.8,0,483.4,0c9.2,0,16.6,7.4,16.6,16.6c0-9.1,7.4-16.6,16.6-16.6C606.2,3,1000,3,1000,3V0H0z\"\/>\n<\/svg>\t\t<\/div>\n\t\t\t\t<div class=\"elementor-element elementor-element-196176d elementor-widget-mobile__width-inherit elementor-widget elementor-widget-heading\" data-id=\"196176d\" data-element_type=\"widget\" data-e-type=\"widget\" data-widget_type=\"heading.default\">\n\t\t\t\t<div class=\"elementor-widget-container\">\n\t\t\t\t\t<h2 class=\"elementor-heading-title elementor-size-default\">Refuerzo Intensivo final de curso<\/h2>\t\t\t\t<\/div>\n\t\t\t\t<\/div>\n\t\t\t\t\t<\/div>\n\t\t\t\t<\/div>\n\t\t<div class=\"elementor-element elementor-element-265c4dc e-flex e-con-boxed e-con e-parent\" data-id=\"265c4dc\" data-element_type=\"container\" data-e-type=\"container\">\n\t\t\t\t\t<div class=\"e-con-inner\">\n\t\t<div class=\"elementor-element elementor-element-30b696a e-con-full e-flex e-con e-child\" data-id=\"30b696a\" data-element_type=\"container\" data-e-type=\"container\">\n\t\t\t\t<div class=\"elementor-element elementor-element-698e519 elementor-widget elementor-widget-heading\" data-id=\"698e519\" data-element_type=\"widget\" data-e-type=\"widget\" data-widget_type=\"heading.default\">\n\t\t\t\t<div class=\"elementor-widget-container\">\n\t\t\t\t\t<h2 class=\"elementor-heading-title elementor-size-default\">\nEx\u00e1menes finales y Evaluaci\u00f3n extraordinaria\n<\/h2>\t\t\t\t<\/div>\n\t\t\t\t<\/div>\n\t\t\t\t<div class=\"elementor-element elementor-element-f2f6573 elementor-widget elementor-widget-text-editor\" data-id=\"f2f6573\" data-element_type=\"widget\" data-e-type=\"widget\" data-widget_type=\"text-editor.default\">\n\t\t\t\t<div class=\"elementor-widget-container\">\n\t\t\t\t\t\t\t\t\t<div class=\"elementor-element elementor-element-3c4497cb elementor-widget elementor-widget-text-editor\" data-id=\"3c4497cb\" data-element_type=\"widget\" data-widget_type=\"text-editor.default\">\n<div class=\"elementor-widget-container\">\n\n<span class=\"EOP SCXW85091280 BCX0\" data-ccp-props=\"{\">\u00bfTe hace falta un <strong>refuerzo intensivo<\/strong> para los <strong>ex\u00e1menes globales?<\/strong><\/span>\n\n\u00bfTienes que <strong>recuperar<\/strong> asignaturas en la <strong>evaluaci\u00f3n extraordinaria<\/strong> de junio?\n\n<span class=\"EOP SCXW14559216 BCX0\" data-ccp-props=\"{\">\u00bfNecesitas <strong>urgentemente<\/strong> un <strong>profesor<\/strong> particular y para <strong>m\u00e1s de una asignatura?<\/strong><\/span>\n\n<\/div>\n<\/div>\t\t\t\t\t\t\t\t<\/div>\n\t\t\t\t<\/div>\n\t\t\t\t<\/div>\n\t\t<div class=\"elementor-element elementor-element-6370d3b e-con-full e-flex e-con e-child\" data-id=\"6370d3b\" data-element_type=\"container\" data-e-type=\"container\">\n\t\t\t\t<div class=\"elementor-element elementor-element-1902abf elementor-headline--style-highlight elementor-widget elementor-widget-animated-headline\" data-id=\"1902abf\" data-element_type=\"widget\" data-e-type=\"widget\" data-settings=\"{&quot;highlighted_text&quot;:&quot;En el Espacio del estudio os ofrecemos atenci\\u00f3n individualizada, en sesiones de tres horas cada d\\u00eda, tantas semanas como necesit\\u00e9is.&quot;,&quot;headline_style&quot;:&quot;highlight&quot;,&quot;marker&quot;:&quot;circle&quot;,&quot;loop&quot;:&quot;yes&quot;,&quot;highlight_animation_duration&quot;:1200,&quot;highlight_iteration_delay&quot;:8000}\" data-widget_type=\"animated-headline.default\">\n\t\t\t\t<div class=\"elementor-widget-container\">\n\t\t\t\t\t\t\t<h3 class=\"elementor-headline\">\n\t\t\t\t<span class=\"elementor-headline-dynamic-wrapper elementor-headline-text-wrapper\">\n\t\t\t\t\t<span class=\"elementor-headline-dynamic-text elementor-headline-text-active\">En el Espacio del estudio os ofrecemos atenci\u00f3n individualizada, en sesiones de tres horas cada d\u00eda, tantas semanas como necesit\u00e9is.<\/span>\n\t\t\t\t<\/span>\n\t\t\t\t<\/h3>\n\t\t\t\t\t\t<\/div>\n\t\t\t\t<\/div>\n\t\t\t\t<\/div>\n\t\t\t\t\t<\/div>\n\t\t\t\t<\/div>\n\t\t<div class=\"elementor-element elementor-element-6ea2f3c e-flex e-con-boxed e-con e-parent\" data-id=\"6ea2f3c\" data-element_type=\"container\" data-e-type=\"container\">\n\t\t\t\t\t<div class=\"e-con-inner\">\n\t\t<div class=\"elementor-element elementor-element-db146bd e-con-full e-flex e-con e-child\" data-id=\"db146bd\" data-element_type=\"container\" data-e-type=\"container\">\n\t\t\t\t<div class=\"elementor-element elementor-element-5005269 elementor-widget elementor-widget-image\" data-id=\"5005269\" data-element_type=\"widget\" data-e-type=\"widget\" data-widget_type=\"image.default\">\n\t\t\t\t<div class=\"elementor-widget-container\">\n\t\t\t\t\t\t\t\t\t\t\t\t\t\t\t<img alt=\"\" fetchpriority=\"high\" decoding=\"async\" width=\"768\" height=\"576\" src=\"https:\/\/espaidelestudi.com\/wp-content\/uploads\/2025\/12\/IMG_20191110_214355_04-768x576.jpg.webp\" class=\"attachment-large size-large wp-image-421\" alt=\"\" srcset=\"https:\/\/espaidelestudi.com\/wp-content\/uploads\/2025\/12\/IMG_20191110_214355_04-768x576.jpg.webp 768w, https:\/\/espaidelestudi.com\/wp-content\/uploads\/2025\/12\/IMG_20191110_214355_04-768x576.jpg-300x225.webp 300w\" sizes=\"(max-width: 768px) 100vw, 768px\" \/>\t\t\t\t\t\t\t\t\t\t\t\t\t\t\t<\/div>\n\t\t\t\t<\/div>\n\t\t\t\t<\/div>\n\t\t<div class=\"elementor-element elementor-element-632168f e-con-full e-flex e-con e-child\" data-id=\"632168f\" data-element_type=\"container\" data-e-type=\"container\" data-settings=\"{&quot;background_background&quot;:&quot;classic&quot;}\">\n\t\t\t\t<div class=\"elementor-element elementor-element-01331e8 elementor-widget elementor-widget-text-editor\" data-id=\"01331e8\" data-element_type=\"widget\" data-e-type=\"widget\" data-widget_type=\"text-editor.default\">\n\t\t\t\t<div class=\"elementor-widget-container\">\n\t\t\t\t\t\t\t\t\tOs atender\u00e1 un <strong>equipo de profesores<\/strong> con especialistas de <strong>todas<\/strong> las asignaturas de <strong>ESO<\/strong> y <strong>Bachillerato<\/strong> y te ayudaremos para que superes el curso.\t\t\t\t\t\t\t\t<\/div>\n\t\t\t\t<\/div>\n\t\t\t\t<\/div>\n\t\t\t\t\t<\/div>\n\t\t\t\t<\/div>\n\t\t<div class=\"elementor-element elementor-element-cbd84a4 e-flex e-con-boxed e-con e-parent\" data-id=\"cbd84a4\" data-element_type=\"container\" data-e-type=\"container\">\n\t\t\t\t\t<div class=\"e-con-inner\">\n\t\t<div class=\"elementor-element elementor-element-89583d6 e-con-full e-flex e-con e-child\" data-id=\"89583d6\" data-element_type=\"container\" data-e-type=\"container\" data-settings=\"{&quot;background_background&quot;:&quot;classic&quot;}\">\n\t\t\t\t<div class=\"elementor-element elementor-element-9957e69 elementor-widget elementor-widget-heading\" data-id=\"9957e69\" data-element_type=\"widget\" data-e-type=\"widget\" data-widget_type=\"heading.default\">\n\t\t\t\t<div class=\"elementor-widget-container\">\n\t\t\t\t\t<h2 class=\"elementor-heading-title elementor-size-default\">Calendario<\/h2>\t\t\t\t<\/div>\n\t\t\t\t<\/div>\n\t\t\t\t<div class=\"elementor-element elementor-element-3d1a8e2 elementor-widget elementor-widget-text-editor\" data-id=\"3d1a8e2\" data-element_type=\"widget\" data-e-type=\"widget\" data-widget_type=\"text-editor.default\">\n\t\t\t\t<div class=\"elementor-widget-container\">\n\t\t\t\t\t\t\t\t\t<p>Mayo y Junio<\/p><p><strong>Mayo y Junio<\/strong><\/p><p>De lunes a jueves de 16 a 19hs<\/p><p>Consultar la disponibilidad de ma\u00f1anas<\/p><p>(12 horas\/semana)<\/p><p>Del 5 de mayo al 19 de junio<\/p>\t\t\t\t\t\t\t\t<\/div>\n\t\t\t\t<\/div>\n\t\t\t\t<div class=\"elementor-element elementor-element-dc1b570 elementor-widget elementor-widget-heading\" data-id=\"dc1b570\" data-element_type=\"widget\" data-e-type=\"widget\" data-widget_type=\"heading.default\">\n\t\t\t\t<div class=\"elementor-widget-container\">\n\t\t\t\t\t<h2 class=\"elementor-heading-title elementor-size-default\">Precios<\/h2>\t\t\t\t<\/div>\n\t\t\t\t<\/div>\n\t\t\t\t<div class=\"elementor-element elementor-element-c3be4f5 elementor-widget elementor-widget-text-editor\" data-id=\"c3be4f5\" data-element_type=\"widget\" data-e-type=\"widget\" data-widget_type=\"text-editor.default\">\n\t\t\t\t<div class=\"elementor-widget-container\">\n\t\t\t\t\t\t\t\t\t<p>5 semanas 400\u20ac<\/p><p>7 semanas 590\u20ac<\/p><p>6 semanas 515\u20ac<\/p><p>5 semanas 445\u20ac<\/p><p>4 semanas 365\u20ac<\/p><p>3 semanas 285\u20ac<\/p><p>2 semanas 200\u20ac<\/p><p>1 semana 105\u20ac<\/p>\t\t\t\t\t\t\t\t<\/div>\n\t\t\t\t<\/div>\n\t\t\t\t<\/div>\n\t\t<div class=\"elementor-element elementor-element-4cd0e28 e-con-full e-flex e-con e-child\" data-id=\"4cd0e28\" data-element_type=\"container\" data-e-type=\"container\">\n\t\t\t\t<div class=\"elementor-element elementor-element-b5f7c56 elementor-widget elementor-widget-heading\" data-id=\"b5f7c56\" data-element_type=\"widget\" data-e-type=\"widget\" data-widget_type=\"heading.default\">\n\t\t\t\t<div class=\"elementor-widget-container\">\n\t\t\t\t\t<h4 class=\"elementor-heading-title elementor-size-default\">\u00bfQuieres m\u00e1s informaci\u00f3n sobre el curso?\n\n<\/h4>\t\t\t\t<\/div>\n\t\t\t\t<\/div>\n\t\t\t\t<div class=\"elementor-element elementor-element-550870e elementor-widget elementor-widget-heading\" data-id=\"550870e\" data-element_type=\"widget\" data-e-type=\"widget\" data-widget_type=\"heading.default\">\n\t\t\t\t<div class=\"elementor-widget-container\">\n\t\t\t\t\t<h3 class=\"elementor-heading-title elementor-size-default\">Ll\u00e1manos y resolveremos todas tus preguntas \ud83d\udc47<\/h3>\t\t\t\t<\/div>\n\t\t\t\t<\/div>\n\t\t\t\t<div class=\"elementor-element elementor-element-58f67a4 elementor-align-center elementor-widget elementor-widget-button\" data-id=\"58f67a4\" data-element_type=\"widget\" data-e-type=\"widget\" data-widget_type=\"button.default\">\n\t\t\t\t<div class=\"elementor-widget-container\">\n\t\t\t\t\t\t\t\t\t<div class=\"elementor-button-wrapper\">\n\t\t\t\t\t<a class=\"elementor-button elementor-button-link elementor-size-sm\" href=\"https:\/\/espaidelestudi.com\/contacte\/\">\n\t\t\t\t\t\t<span class=\"elementor-button-content-wrapper\">\n\t\t\t\t\t\t\t\t\t<span class=\"elementor-button-text\">CONTACTAR<\/span>\n\t\t\t\t\t<\/span>\n\t\t\t\t\t<\/a>\n\t\t\t\t<\/div>\n\t\t\t\t\t\t\t\t<\/div>\n\t\t\t\t<\/div>\n\t\t\t\t<\/div>\n\t\t\t\t\t<\/div>\n\t\t\t\t<\/div>\n\t\t\t\t<\/div>\n\t\t","protected":false},"excerpt":{"rendered":"<p>Ex\u00e1menes finales y Evaluaci\u00f3n extraordinaria \u00bfTe hace falta un refuerzo intensivo para los ex\u00e1menes globales? \u00bfTienes que recuperar asignaturas en la evaluaci\u00f3n extraordinaria de junio? \u00bfNecesitas urgentemente un profesor particular y para m\u00e1s de una asignatura? En el Espacio del estudio os ofrecemos atenci\u00f3n individualizada, en sesiones de tres horas cada d\u00eda, tantas semanas como [&hellip;]<\/p>\n","protected":false},"author":1,"featured_media":0,"parent":420,"menu_order":0,"comment_status":"closed","ping_status":"closed","template":"","meta":{"_seopress_robots_primary_cat":"","_seopress_titles_title":"","_seopress_titles_desc":"","_seopress_robots_index":"","footnotes":""},"class_list":["post-422","page","type-page","status-publish","hentry"],"_links":{"self":[{"href":"https:\/\/espaidelestudi.com\/es\/wp-json\/wp\/v2\/pages\/422","targetHints":{"allow":["GET"]}}],"collection":[{"href":"https:\/\/espaidelestudi.com\/es\/wp-json\/wp\/v2\/pages"}],"about":[{"href":"https:\/\/espaidelestudi.com\/es\/wp-json\/wp\/v2\/types\/page"}],"author":[{"embeddable":true,"href":"https:\/\/espaidelestudi.com\/es\/wp-json\/wp\/v2\/users\/1"}],"replies":[{"embeddable":true,"href":"https:\/\/espaidelestudi.com\/es\/wp-json\/wp\/v2\/comments?post=422"}],"version-history":[{"count":0,"href":"https:\/\/espaidelestudi.com\/es\/wp-json\/wp\/v2\/pages\/422\/revisions"}],"up":[{"embeddable":true,"href":"https:\/\/espaidelestudi.com\/es\/wp-json\/wp\/v2\/pages\/420"}],"wp:attachment":[{"href":"https:\/\/espaidelestudi.com\/es\/wp-json\/wp\/v2\/media?parent=422"}],"curies":[{"name":"wp","href":"https:\/\/api.w.org\/{rel}","templated":true}]}}