{"id":424,"date":"2025-12-17T11:31:57","date_gmt":"2025-12-17T10:31:57","guid":{"rendered":"https:\/\/espaidelestudi.com\/?page_id=424"},"modified":"2025-12-29T04:42:55","modified_gmt":"2025-12-29T03:42:55","slug":"refuerzo-para-bachillerato","status":"publish","type":"page","link":"https:\/\/espaidelestudi.com\/es\/refuerzo-curso-escolar\/refuerzo-para-bachillerato\/","title":{"rendered":"Refuerzo para Bachillerato"},"content":{"rendered":"\t\t<div data-elementor-type=\"wp-page\" data-elementor-id=\"424\" class=\"elementor elementor-424 elementor-48\" data-elementor-post-type=\"page\">\n\t\t\t\t<div class=\"elementor-element elementor-element-6c513a8 e-flex e-con-boxed e-con e-parent\" data-id=\"6c513a8\" data-element_type=\"container\" data-e-type=\"container\" data-settings=\"{&quot;background_background&quot;:&quot;classic&quot;,&quot;shape_divider_bottom&quot;:&quot;split&quot;}\">\n\t\t\t\t\t<div class=\"e-con-inner\">\n\t\t\t\t<div class=\"elementor-shape elementor-shape-bottom\" aria-hidden=\"true\" data-negative=\"false\">\n\t\t\t<svg xmlns=\"http:\/\/www.w3.org\/2000\/svg\" viewBox=\"0 0 1000 20\" preserveAspectRatio=\"none\">\n\t<path class=\"elementor-shape-fill\" d=\"M0,0v3c0,0,393.8,0,483.4,0c9.2,0,16.6,7.4,16.6,16.6c0-9.1,7.4-16.6,16.6-16.6C606.2,3,1000,3,1000,3V0H0z\"\/>\n<\/svg>\t\t<\/div>\n\t\t\t\t<div class=\"elementor-element elementor-element-acf848f elementor-widget-mobile__width-inherit elementor-widget elementor-widget-heading\" data-id=\"acf848f\" data-element_type=\"widget\" data-e-type=\"widget\" data-widget_type=\"heading.default\">\n\t\t\t\t<div class=\"elementor-widget-container\">\n\t\t\t\t\t<h2 class=\"elementor-heading-title elementor-size-default\">Refuerzo para Bachillerato<\/h2>\t\t\t\t<\/div>\n\t\t\t\t<\/div>\n\t\t\t\t\t<\/div>\n\t\t\t\t<\/div>\n\t\t<div class=\"elementor-element elementor-element-53e99fb e-flex e-con-boxed e-con e-parent\" data-id=\"53e99fb\" data-element_type=\"container\" data-e-type=\"container\">\n\t\t\t\t\t<div class=\"e-con-inner\">\n\t\t<div class=\"elementor-element elementor-element-6d2fca3 e-con-full e-flex e-con e-child\" data-id=\"6d2fca3\" data-element_type=\"container\" data-e-type=\"container\">\n\t\t\t\t<div class=\"elementor-element elementor-element-361a770 elementor-widget elementor-widget-heading\" data-id=\"361a770\" data-element_type=\"widget\" data-e-type=\"widget\" data-widget_type=\"heading.default\">\n\t\t\t\t<div class=\"elementor-widget-container\">\n\t\t\t\t\t<h2 class=\"elementor-heading-title elementor-size-default\">Si est\u00e1s en Bachillerato y:<\/h2>\t\t\t\t<\/div>\n\t\t\t\t<\/div>\n\t\t\t\t<div class=\"elementor-element elementor-element-299b2c3 elementor-widget elementor-widget-text-editor\" data-id=\"299b2c3\" data-element_type=\"widget\" data-e-type=\"widget\" data-widget_type=\"text-editor.default\">\n\t\t\t\t<div class=\"elementor-widget-container\">\n\t\t\t\t\t\t\t\t\t<p class=\"ds-markdown-paragraph\">Necesitas <strong>acelerar<\/strong> tu <strong>ritmo de estudio,<\/strong> pero no lo consigues.<\/p>\n<p class=\"ds-markdown-paragraph\">El <strong>volumen de trabajo<\/strong> ha aumentado tanto que <strong>no sabes c\u00f3mo organizarte<\/strong> para llevar el trabajo al d\u00eda.<\/p>\n<p class=\"ds-markdown-paragraph\">No entiendes por qu\u00e9 en los <strong>ex\u00e1menes<\/strong> sacas <strong>notas m\u00e1s bajas<\/strong> que en la ESO.<\/p>\n<p class=\"ds-markdown-paragraph\">El <strong>TR<\/strong> (probablemente referido a una asignatura, como \u00abTecnolog\u00eda\u00bb o \u00abTrabajo de Investigaci\u00f3n\u00bb) se ha convertido en un <strong>rompecabezas<\/strong>.<\/p>\t\t\t\t\t\t\t\t<\/div>\n\t\t\t\t<\/div>\n\t\t\t\t<\/div>\n\t\t<div class=\"elementor-element elementor-element-74af820 e-con-full e-flex e-con e-child\" data-id=\"74af820\" data-element_type=\"container\" data-e-type=\"container\">\n\t\t\t\t<div class=\"elementor-element elementor-element-52a33d4 elementor-headline--style-highlight elementor-widget elementor-widget-animated-headline\" data-id=\"52a33d4\" data-element_type=\"widget\" data-e-type=\"widget\" data-settings=\"{&quot;highlighted_text&quot;:&quot;En el Espacio del Estudio encontrar\\u00e1s la respuesta, porque sabemos que la soluci\\u00f3n que buscas ha de ser global, individualizada y con continuidad.&quot;,&quot;headline_style&quot;:&quot;highlight&quot;,&quot;marker&quot;:&quot;circle&quot;,&quot;loop&quot;:&quot;yes&quot;,&quot;highlight_animation_duration&quot;:1200,&quot;highlight_iteration_delay&quot;:8000}\" data-widget_type=\"animated-headline.default\">\n\t\t\t\t<div class=\"elementor-widget-container\">\n\t\t\t\t\t\t\t<h3 class=\"elementor-headline\">\n\t\t\t\t<span class=\"elementor-headline-dynamic-wrapper elementor-headline-text-wrapper\">\n\t\t\t\t\t<span class=\"elementor-headline-dynamic-text elementor-headline-text-active\">En el Espacio del Estudio encontrar\u00e1s la respuesta, porque sabemos que la soluci\u00f3n que buscas ha de ser global, individualizada y con continuidad.<\/span>\n\t\t\t\t<\/span>\n\t\t\t\t<\/h3>\n\t\t\t\t\t\t<\/div>\n\t\t\t\t<\/div>\n\t\t\t\t<\/div>\n\t\t\t\t\t<\/div>\n\t\t\t\t<\/div>\n\t\t<div class=\"elementor-element elementor-element-344760d e-flex e-con-boxed e-con e-parent\" data-id=\"344760d\" data-element_type=\"container\" data-e-type=\"container\">\n\t\t\t\t\t<div class=\"e-con-inner\">\n\t\t<div class=\"elementor-element elementor-element-2efdbf0 e-con-full e-flex e-con e-child\" data-id=\"2efdbf0\" data-element_type=\"container\" data-e-type=\"container\">\n\t\t\t\t<div class=\"elementor-element elementor-element-6d77e7d elementor-widget elementor-widget-image\" data-id=\"6d77e7d\" data-element_type=\"widget\" data-e-type=\"widget\" data-widget_type=\"image.default\">\n\t\t\t\t<div class=\"elementor-widget-container\">\n\t\t\t\t\t\t\t\t\t\t\t\t\t\t\t<img alt=\"\" fetchpriority=\"high\" decoding=\"async\" width=\"768\" height=\"576\" src=\"https:\/\/espaidelestudi.com\/wp-content\/uploads\/2025\/12\/IMG_20211027_183906-1-768x576.jpg.webp\" class=\"attachment-large size-large wp-image-423\" alt=\"\" srcset=\"https:\/\/espaidelestudi.com\/wp-content\/uploads\/2025\/12\/IMG_20211027_183906-1-768x576.jpg.webp 768w, https:\/\/espaidelestudi.com\/wp-content\/uploads\/2025\/12\/IMG_20211027_183906-1-768x576.jpg-300x225.webp 300w\" sizes=\"(max-width: 768px) 100vw, 768px\" \/>\t\t\t\t\t\t\t\t\t\t\t\t\t\t\t<\/div>\n\t\t\t\t<\/div>\n\t\t\t\t<\/div>\n\t\t<div class=\"elementor-element elementor-element-c06ebcd e-con-full e-flex e-con e-child\" data-id=\"c06ebcd\" data-element_type=\"container\" data-e-type=\"container\" data-settings=\"{&quot;background_background&quot;:&quot;classic&quot;}\">\n\t\t\t\t<div class=\"elementor-element elementor-element-e4702da elementor-widget elementor-widget-text-editor\" data-id=\"e4702da\" data-element_type=\"widget\" data-e-type=\"widget\" data-widget_type=\"text-editor.default\">\n\t\t\t\t<div class=\"elementor-widget-container\">\n\t\t\t\t\t\t\t\t\tCon un <strong>equipo de profesores<\/strong> que te ayudaremos en los <strong>contenidos<\/strong> de las <strong>asignaturas del Bachillerato<\/strong>, a planificarte el trabajo y a aplicar estrategias y <strong>t\u00e9cnicas de estudio<\/strong>, en un <strong>entorno<\/strong> dise\u00f1ado para que te concentres y sin limitaciones horarias.\t\t\t\t\t\t\t\t<\/div>\n\t\t\t\t<\/div>\n\t\t\t\t<\/div>\n\t\t\t\t\t<\/div>\n\t\t\t\t<\/div>\n\t\t<div class=\"elementor-element elementor-element-7845b31 e-flex e-con-boxed e-con e-parent\" data-id=\"7845b31\" data-element_type=\"container\" data-e-type=\"container\">\n\t\t\t\t\t<div class=\"e-con-inner\">\n\t\t<div class=\"elementor-element elementor-element-27da825 e-con-full e-flex e-con e-child\" data-id=\"27da825\" data-element_type=\"container\" data-e-type=\"container\" data-settings=\"{&quot;background_background&quot;:&quot;classic&quot;}\">\n\t\t\t\t<div class=\"elementor-element elementor-element-5c9d9ce elementor-widget elementor-widget-heading\" data-id=\"5c9d9ce\" data-element_type=\"widget\" data-e-type=\"widget\" data-widget_type=\"heading.default\">\n\t\t\t\t<div class=\"elementor-widget-container\">\n\t\t\t\t\t<h2 class=\"elementor-heading-title elementor-size-default\">Calendario<\/h2>\t\t\t\t<\/div>\n\t\t\t\t<\/div>\n\t\t\t\t<div class=\"elementor-element elementor-element-85195ef elementor-widget elementor-widget-text-editor\" data-id=\"85195ef\" data-element_type=\"widget\" data-e-type=\"widget\" data-widget_type=\"text-editor.default\">\n\t\t\t\t<div class=\"elementor-widget-container\">\n\t\t\t\t\t\t\t\t\tDe <strong>16.00 a 20.00h<\/strong> (de lunes a jueves) y\n\nDe lunes a jueves de 16 a 20hs, viernes de 16 a 19:30hs\t\t\t\t\t\t\t\t<\/div>\n\t\t\t\t<\/div>\n\t\t\t\t<div class=\"elementor-element elementor-element-a339499 elementor-widget elementor-widget-heading\" data-id=\"a339499\" data-element_type=\"widget\" data-e-type=\"widget\" data-widget_type=\"heading.default\">\n\t\t\t\t<div class=\"elementor-widget-container\">\n\t\t\t\t\t<h2 class=\"elementor-heading-title elementor-size-default\">\nPrecio<\/h2>\t\t\t\t<\/div>\n\t\t\t\t<\/div>\n\t\t\t\t<div class=\"elementor-element elementor-element-9765f24 elementor-widget elementor-widget-text-editor\" data-id=\"9765f24\" data-element_type=\"widget\" data-e-type=\"widget\" data-widget_type=\"text-editor.default\">\n\t\t\t\t<div class=\"elementor-widget-container\">\n\t\t\t\t\t\t\t\t\tMatr\u00edcula <strong>140\u20ac<\/strong> (Consultad descuentos)\n\nMatr\u00edcula 140\u20ac\n\nCuota mensual 140\u20ac\t\t\t\t\t\t\t\t<\/div>\n\t\t\t\t<\/div>\n\t\t\t\t<div class=\"elementor-element elementor-element-0c6e80c elementor-widget elementor-widget-heading\" data-id=\"0c6e80c\" data-element_type=\"widget\" data-e-type=\"widget\" data-widget_type=\"heading.default\">\n\t\t\t\t<div class=\"elementor-widget-container\">\n\t\t\t\t\t<h2 class=\"elementor-heading-title elementor-size-default\">\nDuraci\u00f3n<\/h2>\t\t\t\t<\/div>\n\t\t\t\t<\/div>\n\t\t\t\t<div class=\"elementor-element elementor-element-6b3502d elementor-widget elementor-widget-text-editor\" data-id=\"6b3502d\" data-element_type=\"widget\" data-e-type=\"widget\" data-widget_type=\"text-editor.default\">\n\t\t\t\t<div class=\"elementor-widget-container\">\n\t\t\t\t\t\t\t\t\tEl curso escolar\nEl curso escolar\n\n(incorporaci\u00f3n en cualquier momento si hay plaza)\t\t\t\t\t\t\t\t<\/div>\n\t\t\t\t<\/div>\n\t\t\t\t<\/div>\n\t\t<div class=\"elementor-element elementor-element-c42d7a3 e-con-full e-flex e-con e-child\" data-id=\"c42d7a3\" data-element_type=\"container\" data-e-type=\"container\">\n\t\t\t\t<div class=\"elementor-element elementor-element-5469f97 elementor-widget elementor-widget-heading\" data-id=\"5469f97\" data-element_type=\"widget\" data-e-type=\"widget\" data-widget_type=\"heading.default\">\n\t\t\t\t<div class=\"elementor-widget-container\">\n\t\t\t\t\t<h4 class=\"elementor-heading-title elementor-size-default\">\n\u00bfQuieres que hablemos de ello?\n<\/h4>\t\t\t\t<\/div>\n\t\t\t\t<\/div>\n\t\t\t\t<div class=\"elementor-element elementor-element-79e1879 elementor-widget elementor-widget-heading\" data-id=\"79e1879\" data-element_type=\"widget\" data-e-type=\"widget\" data-widget_type=\"heading.default\">\n\t\t\t\t<div class=\"elementor-widget-container\">\n\t\t\t\t\t<h3 class=\"elementor-heading-title elementor-size-default\">Rellena el formulario y te llamaremos hoy mismo.<\/h3>\t\t\t\t<\/div>\n\t\t\t\t<\/div>\n\t\t\t\t<div class=\"elementor-element elementor-element-665609e elementor-align-center elementor-widget elementor-widget-button\" data-id=\"665609e\" data-element_type=\"widget\" data-e-type=\"widget\" data-widget_type=\"button.default\">\n\t\t\t\t<div class=\"elementor-widget-container\">\n\t\t\t\t\t\t\t\t\t<div class=\"elementor-button-wrapper\">\n\t\t\t\t\t<a class=\"elementor-button elementor-button-link elementor-size-sm\" href=\"https:\/\/espaidelestudi.com\/contacte\/\">\n\t\t\t\t\t\t<span class=\"elementor-button-content-wrapper\">\n\t\t\t\t\t\t\t\t\t<span class=\"elementor-button-text\">CONTACTAR<\/span>\n\t\t\t\t\t<\/span>\n\t\t\t\t\t<\/a>\n\t\t\t\t<\/div>\n\t\t\t\t\t\t\t\t<\/div>\n\t\t\t\t<\/div>\n\t\t\t\t<\/div>\n\t\t\t\t\t<\/div>\n\t\t\t\t<\/div>\n\t\t\t\t<\/div>\n\t\t","protected":false},"excerpt":{"rendered":"<p>Si est\u00e1s en Bachillerato y: Necesitas acelerar tu ritmo de estudio, pero no lo consigues. El volumen de trabajo ha aumentado tanto que no sabes c\u00f3mo organizarte para llevar el trabajo al d\u00eda. No entiendes por qu\u00e9 en los ex\u00e1menes sacas notas m\u00e1s bajas que en la ESO. El TR (probablemente referido a una asignatura, [&hellip;]<\/p>\n","protected":false},"author":1,"featured_media":0,"parent":420,"menu_order":0,"comment_status":"closed","ping_status":"closed","template":"","meta":{"_seopress_robots_primary_cat":"","_seopress_titles_title":"","_seopress_titles_desc":"","_seopress_robots_index":"","footnotes":""},"class_list":["post-424","page","type-page","status-publish","hentry"],"_links":{"self":[{"href":"https:\/\/espaidelestudi.com\/es\/wp-json\/wp\/v2\/pages\/424","targetHints":{"allow":["GET"]}}],"collection":[{"href":"https:\/\/espaidelestudi.com\/es\/wp-json\/wp\/v2\/pages"}],"about":[{"href":"https:\/\/espaidelestudi.com\/es\/wp-json\/wp\/v2\/types\/page"}],"author":[{"embeddable":true,"href":"https:\/\/espaidelestudi.com\/es\/wp-json\/wp\/v2\/users\/1"}],"replies":[{"embeddable":true,"href":"https:\/\/espaidelestudi.com\/es\/wp-json\/wp\/v2\/comments?post=424"}],"version-history":[{"count":0,"href":"https:\/\/espaidelestudi.com\/es\/wp-json\/wp\/v2\/pages\/424\/revisions"}],"up":[{"embeddable":true,"href":"https:\/\/espaidelestudi.com\/es\/wp-json\/wp\/v2\/pages\/420"}],"wp:attachment":[{"href":"https:\/\/espaidelestudi.com\/es\/wp-json\/wp\/v2\/media?parent=424"}],"curies":[{"name":"wp","href":"https:\/\/api.w.org\/{rel}","templated":true}]}}