{"id":428,"date":"2025-12-17T14:33:24","date_gmt":"2025-12-17T13:33:24","guid":{"rendered":"https:\/\/espaidelestudi.com\/?page_id=428"},"modified":"2026-02-04T20:36:45","modified_gmt":"2026-02-04T19:36:45","slug":"aviso-legal","status":"publish","type":"page","link":"https:\/\/espaidelestudi.com\/es\/aviso-legal\/","title":{"rendered":"Aviso Legal"},"content":{"rendered":"\t\t<div data-elementor-type=\"wp-page\" data-elementor-id=\"428\" class=\"elementor elementor-428 elementor-109\" data-elementor-post-type=\"page\">\n\t\t\t\t<div class=\"elementor-element elementor-element-4bae500 e-flex e-con-boxed e-con e-parent\" data-id=\"4bae500\" data-element_type=\"container\" data-e-type=\"container\" data-settings=\"{&quot;background_background&quot;:&quot;classic&quot;,&quot;shape_divider_bottom&quot;:&quot;split&quot;}\">\n\t\t\t\t\t<div class=\"e-con-inner\">\n\t\t\t\t<div class=\"elementor-shape elementor-shape-bottom\" aria-hidden=\"true\" data-negative=\"false\">\n\t\t\t<svg xmlns=\"http:\/\/www.w3.org\/2000\/svg\" viewBox=\"0 0 1000 20\" preserveAspectRatio=\"none\">\n\t<path class=\"elementor-shape-fill\" d=\"M0,0v3c0,0,393.8,0,483.4,0c9.2,0,16.6,7.4,16.6,16.6c0-9.1,7.4-16.6,16.6-16.6C606.2,3,1000,3,1000,3V0H0z\"\/>\n<\/svg>\t\t<\/div>\n\t\t\t\t<div class=\"elementor-element elementor-element-7e80a51 elementor-widget-mobile__width-inherit elementor-widget elementor-widget-heading\" data-id=\"7e80a51\" data-element_type=\"widget\" data-e-type=\"widget\" data-widget_type=\"heading.default\">\n\t\t\t\t<div class=\"elementor-widget-container\">\n\t\t\t\t\t<h2 class=\"elementor-heading-title elementor-size-default\">Aviso Legal<\/h2>\t\t\t\t<\/div>\n\t\t\t\t<\/div>\n\t\t\t\t\t<\/div>\n\t\t\t\t<\/div>\n\t\t<div class=\"elementor-element elementor-element-bbc4c9e e-flex e-con-boxed e-con e-parent\" data-id=\"bbc4c9e\" data-element_type=\"container\" data-e-type=\"container\">\n\t\t\t\t\t<div class=\"e-con-inner\">\n\t\t\t\t<div class=\"elementor-element elementor-element-33755c6 elementor-widget elementor-widget-text-editor\" data-id=\"33755c6\" data-element_type=\"widget\" data-e-type=\"widget\" data-widget_type=\"text-editor.default\">\n\t\t\t\t<div class=\"elementor-widget-container\">\n\t\t\t\t\t\t\t\t\t<h2>Aviso legal<\/h2>\nCondiciones generales de uso de la p\u00e1gina web <strong>www.espaidelestudi.com<\/strong>\n<h2>1. Identificaci\u00f3n y actividad de la sociedad.<\/h2>\n<strong>Espai de l\u00b4estudi<\/strong> (en adelante \u00ab<strong>Espai de l\u00b4estudi<\/strong>\u00ab), con domicilio social en <strong>C. de l\u00b4Or 31<\/strong> <strong>08012<\/strong> <strong>Barcelona<\/strong>, <strong>B65431561<\/strong>, inscrita en el Registro Mercantil de Barcelona, es una sociedad que tiene como <strong>escuela infantil<\/strong>.\n<h2>2. Responsabilidades de uso.<\/h2>\nAmbas partes son responsables de la veracidad de los datos que se env\u00eden y gestionen a trav\u00e9s del sistema. El Usuario deber\u00e1 disponer de los medios materiales, sistemas, redes de comunicaci\u00f3n, maquinaria y equipos necesarios para el correcto funcionamiento del sistema.\n\nEl Usuario y <strong>Espai de l\u00b4estudi<\/strong> adoptar\u00e1n todas las medidas de seguridad necesarias de conformidad con la tecnolog\u00eda y situaci\u00f3n en el mercado, con la finalidad de no introducir ning\u00fan tipo de c\u00f3digo contaminante o de virus en el sistema. Pese a lo anterior, <strong>Espai de l\u00b4estudi<\/strong> excluye cualquier responsabilidad por da\u00f1os y perjuicios en relaci\u00f3n con:\n\ni) Falta de funcionamiento correcto de la p\u00e1gina web o de los servicios y promociones ofrecidos a trav\u00e9s de esta, as\u00ed como falta de adaptaci\u00f3n de la p\u00e1gina web a una finalidad concreta esperada por los Usuarios.\n\nii) Presencia de c\u00f3digos contaminantes o virus o presencia de otros elementos que pudieran producir alteraciones en el sistema inform\u00e1tico o en los archivos de los Usuarios.\n<h2>3. Seguridad y confidencialidad. Pol\u00edtica de Protecci\u00f3n de Datos.<\/h2>\nLos datos de car\u00e1cter personal proporcionados por usted, y los que en cualquier momento nos facilite, ser\u00e1n tratados en los t\u00e9rminos y condiciones estipulados en nuestra Pol\u00edtica de Privacidad. La sola utilizaci\u00f3n de nuestra p\u00e1gina web supone la aceptaci\u00f3n de las presentes Condiciones Generales y de la Pol\u00edtica de Privacidad que se incluye en esta.\n<h2>4. Propiedad Intelectual y\/o industrial.<\/h2>\nToda la informaci\u00f3n contenida en la p\u00e1gina web <strong>www.espaidelestudi.com<\/strong>, como pueda ser, a t\u00edtulo enunciativo, el dise\u00f1o gr\u00e1fico, las im\u00e1genes, los c\u00f3digos de fuente, las marcas, los r\u00f3tulos de establecimiento, los nombres comerciales, las denominaciones, otros signos distintivos o enlaces a terceros, etc., est\u00e1n sujetos a derechos de propiedad intelectual e industrial de <strong>Espai de l\u00b4estudi<\/strong> o terceros.\n\nBajo ning\u00fan supuesto el acceso a los servicios de <strong>Espai de l\u00b4estudi<\/strong> supone la renuncia, transmisi\u00f3n, cesi\u00f3n o licencia total o parcial de estos derechos, ni confiere ning\u00fan derecho de uso, traducci\u00f3n, adaptaci\u00f3n, alteraci\u00f3n, explotaci\u00f3n, reproducci\u00f3n, distribuci\u00f3n o comunicaci\u00f3n p\u00fablica de dichos derechos de propiedad intelectual sin la previa y expresa autorizaci\u00f3n de <strong>Espai de l\u00b4estudi<\/strong> o del tercero titular de los derechos afectados. Por tanto, a t\u00edtulo enunciativo, que no limitativo, el Usuario no estar\u00e1 autorizado a reproducir, descompilar, invertir, transformar, modificar ni actualizar el sistema sin la autorizaci\u00f3n previa y por escrito de <strong>Espai de l\u00b4estudi<\/strong>.\n\nEn ning\u00fan caso est\u00e1 autorizada (y ser\u00e1 perseguida) la reproducci\u00f3n total o parcial de los datos y los contenidos a los que se tenga acceso a trav\u00e9s de <strong>www.espaidelestudi.com<\/strong>, si se hicieran contraviniendo la legislaci\u00f3n vigente en materia de propiedad industrial o intelectual.\n\nNo obstante lo anterior, quedan eximidos de peligro los derechos del Usuario previstos por las disposiciones legales vigentes, as\u00ed como los derechos del Usuario de visualizar y obtener una copia en la memoria cach\u00e9 de su ordenador como una reproducci\u00f3n transitoria y accesoria, sin que en ning\u00fan caso est\u00e9 autorizado a comunicar esta a terceros.\n<h2>5. Pol\u00edtica de links.<\/h2>\n<strong>Espai de l\u00b4estudi<\/strong> no se har\u00e1 responsable de los da\u00f1os y perjuicios derivados de los servicios y contenidos que se ofrezcan a trav\u00e9s de las p\u00e1ginas webs a las que los Usuarios puedan acceder a trav\u00e9s de los enlaces que se incluyan en la p\u00e1gina web <strong>www.espaidelestudi.com<\/strong>.\n<h2>6. Notificaciones.<\/h2>\nCualquier notificaci\u00f3n podr\u00e1 ser dirigida a <strong>Espai de l\u00b4estudi<\/strong> a la direcci\u00f3n que figura en la cabecera o mediante el env\u00edo de un correo electr\u00f3nico a la siguiente direcci\u00f3n: <span style=\"color: #333333;\">(<strong><span id=\"correuEnc_4e1b51b1f23cfca426183\"><a style=\"color: #333333;\" href=\"mailto:info@espaidelestudi.com\">info@espaidelestudi.com<\/a><\/span><\/strong>)<\/span>\n<h2>7. Legislaci\u00f3n aplicable y jurisdicci\u00f3n.<\/h2>\nLas presentes condiciones quedan sujetas a la normativa de derecho com\u00fan espa\u00f1ol. Los Usuarios se someten expresamente por cualquier cuesti\u00f3n, discrepancia, controversia o reclamaci\u00f3n que se derive de la ejecuci\u00f3n, interpretaci\u00f3n o cumplimiento de las obligaciones establecidas entre <strong>Espai de l\u00b4estudi<\/strong> y los usuarios de la p\u00e1gina web <strong>www.espaidelestudi.com<\/strong>, a los Juzgados y Tribunales de Barcelona, con renuncia expresa a cualquier otro fuero que por ley les pudiera corresponder.\n<h2>8. Consentimiento del Usuario.<\/h2>\nEl solo acceso al uso de la p\u00e1gina web <strong>www.espaidelestudi.com<\/strong> por parte del Usuario supone la aceptaci\u00f3n de las presentes Condiciones Generales de Uso.\n\t\t\t\t\t\t\t\t<\/div>\n\t\t\t\t<\/div>\n\t\t\t\t\t<\/div>\n\t\t\t\t<\/div>\n\t\t\t\t<\/div>\n\t\t","protected":false},"excerpt":{"rendered":"<p>Aviso legal Condiciones generales de uso de la p\u00e1gina web www.espaidelestudi.com 1. Identificaci\u00f3n y actividad de la sociedad. Espai de l\u00b4estudi (en adelante \u00abEspai de l\u00b4estudi\u00ab), con domicilio social en C. de l\u00b4Or 31 08012 Barcelona, B65431561, inscrita en el Registro Mercantil de Barcelona, es una sociedad que tiene como escuela infantil. 2. Responsabilidades de [&hellip;]<\/p>\n","protected":false},"author":1,"featured_media":0,"parent":0,"menu_order":0,"comment_status":"closed","ping_status":"closed","template":"","meta":{"_seopress_robots_primary_cat":"","_seopress_titles_title":"","_seopress_titles_desc":"","_seopress_robots_index":"","footnotes":""},"class_list":["post-428","page","type-page","status-publish","hentry"],"_links":{"self":[{"href":"https:\/\/espaidelestudi.com\/es\/wp-json\/wp\/v2\/pages\/428","targetHints":{"allow":["GET"]}}],"collection":[{"href":"https:\/\/espaidelestudi.com\/es\/wp-json\/wp\/v2\/pages"}],"about":[{"href":"https:\/\/espaidelestudi.com\/es\/wp-json\/wp\/v2\/types\/page"}],"author":[{"embeddable":true,"href":"https:\/\/espaidelestudi.com\/es\/wp-json\/wp\/v2\/users\/1"}],"replies":[{"embeddable":true,"href":"https:\/\/espaidelestudi.com\/es\/wp-json\/wp\/v2\/comments?post=428"}],"version-history":[{"count":0,"href":"https:\/\/espaidelestudi.com\/es\/wp-json\/wp\/v2\/pages\/428\/revisions"}],"wp:attachment":[{"href":"https:\/\/espaidelestudi.com\/es\/wp-json\/wp\/v2\/media?parent=428"}],"curies":[{"name":"wp","href":"https:\/\/api.w.org\/{rel}","templated":true}]}}